{"id":1781,"date":"2013-02-23T15:21:37","date_gmt":"2013-02-23T15:21:37","guid":{"rendered":"https:\/\/artpress.artez.nl\/?post_type=product&#038;p=1781"},"modified":"2026-02-23T08:22:12","modified_gmt":"2026-02-23T08:22:12","slug":"piet-paris-2","status":"publish","type":"product","link":"https:\/\/artezpress.artez.nl\/nl\/books\/piet-paris-2\/","title":{"rendered":"Piet Paris"},"content":{"rendered":"Piet Paris is een van de belangrijke internationale mode-illustratoren van onze tijd. Zijn werk verschijnt regelmatig in internationale modebladen als\u00a0<em>Vogue, Elle <\/em>en<em> W<\/em>. In 2008 ontwierp hij de campagne voor het Amerikaanse warenhuis Saks Fifth Avenue &#8211; waardoor zijn illustraties zelfs op de New Yorkse bussen door de stad reden &#8211; en in 2011 ontwierp hij het decor voor de lente\/zomershow van Viktor &amp; Rolf.\r\nMaar Piet beperkt zich niet graag tot \u00e9\u00e9n discipline. Hij blijft zoeken naar projecten die hem de kans geven een droomwereld in 3D te cre\u00ebren. Zo nam hij bijvoorbeeld drie keer de artistieke leiding van de Arnhem Mode Bi\u00ebnnale op zich en toverde deze keer op keer om tot een ruimtelijk modesprookje.\r\nDaarnaast was hij jarenlang actief in het Nederlandse modeonderwijs. Zo was hij medeoprichter van het Fashion Institute Arnhem, een masteropleiding aan ArtEZ, en stond daarmee aan de basis van de carri\u00e8res van vele Nederlandse modeontwerpers.\r\nPiet Paris won verschillende prijzen, waaronder de Nederlandse modeprijs Grand Seigneur en zijn werk is opgenomen in belangrijke internationale standaardwerken over mode-illustraties.\r\nIn deze monografie, die gebaseerd is op uitgebreid archiefonderzoek en interviews, schetst Hanka van der Voet onder meer hoe zijn techniek in de loop van de jaren is ge\u00ebvolueerd en welke invloeden hij heeft ondergaan. Hoewel zijn werk overal ter wereld verschijnt, van Groot-Brittanni\u00eb tot Korea en Japan, is het verbazingwekkend \u2018Nederlands\u2019 van stijl en past het naadloos in de traditie van grote Nederlandse illustratoren als bijvoorbeeld Dick Bruna en Fiep Westendorp.","protected":false},"excerpt":{"rendered":"<p>Piet Paris is een van de belangrijke internationale mode-illustratoren van onze tijd. Zijn werk verschijnt regelmatig in internationale modebladen als\u00a0<em>Vogue, Elle <\/em>en<em> W<\/em>. In 2008 ontwierp hij de campagne voor het Amerikaanse warenhuis Saks Fifth Avenue &#8211; waardoor zijn illustraties zelfs op de New Yorkse bussen door de stad reden &#8211; en in 2011 ontwierp hij het decor voor de lente\/zomershow van Viktor &amp; Rolf.<br \/>\nMaar Piet beperkt zich niet graag tot \u00e9\u00e9n discipline. Hij blijft zoeken naar projecten die hem de kans geven een droomwereld in 3D te cre\u00ebren. Zo nam hij bijvoorbeeld drie keer de artistieke leiding van de Arnhem Mode Bi\u00ebnnale op zich en toverde deze keer op keer om tot een ruimtelijk modesprookje.<br \/>\nDaarnaast was hij jarenlang actief in het Nederlandse modeonderwijs. Zo was hij medeoprichter van het Fashion Institute Arnhem, een masteropleiding aan ArtEZ, en stond daarmee aan de basis van de carri\u00e8res van vele Nederlandse modeontwerpers.<br \/>\nPiet Paris won verschillende prijzen, waaronder de Nederlandse modeprijs Grand Seigneur en zijn werk is opgenomen in belangrijke internationale standaardwerken over mode-illustraties.<br \/>\nIn deze monografie, die gebaseerd is op uitgebreid archiefonderzoek en interviews, schetst Hanka van der Voet onder meer hoe zijn techniek in de loop van de jaren is ge\u00ebvolueerd en welke invloeden hij heeft ondergaan. Hoewel zijn werk overal ter wereld verschijnt, van Groot-Brittanni\u00eb tot Korea en Japan, is het verbazingwekkend \u2018Nederlands\u2019 van stijl en past het naadloos in de traditie van grote Nederlandse illustratoren als bijvoorbeeld Dick Bruna en Fiep Westendorp.<\/p>\n","protected":false},"featured_media":2339,"template":"","meta":[],"product_cat":[567],"product_tag":[107,269],"acf":[],"_links":{"self":[{"href":"https:\/\/artezpress.artez.nl\/nl\/wp-json\/wp\/v2\/product\/1781"}],"collection":[{"href":"https:\/\/artezpress.artez.nl\/nl\/wp-json\/wp\/v2\/product"}],"about":[{"href":"https:\/\/artezpress.artez.nl\/nl\/wp-json\/wp\/v2\/types\/product"}],"wp:featuredmedia":[{"embeddable":true,"href":"https:\/\/artezpress.artez.nl\/nl\/wp-json\/wp\/v2\/media\/2339"}],"wp:attachment":[{"href":"https:\/\/artezpress.artez.nl\/nl\/wp-json\/wp\/v2\/media?parent=1781"}],"wp:term":[{"taxonomy":"product_cat","embeddable":true,"href":"https:\/\/artezpress.artez.nl\/nl\/wp-json\/wp\/v2\/product_cat?post=1781"},{"taxonomy":"product_tag","embeddable":true,"href":"https:\/\/artezpress.artez.nl\/nl\/wp-json\/wp\/v2\/product_tag?post=1781"}],"curies":[{"name":"wp","href":"https:\/\/api.w.org\/{rel}","templated":true}]}}